{"id":822,"date":"2021-08-11T16:24:16","date_gmt":"2021-08-11T16:24:16","guid":{"rendered":"https:\/\/mauritz.fi\/?page_id=822"},"modified":"2026-04-27T17:12:05","modified_gmt":"2026-04-27T17:12:05","slug":"ruoka-2-2","status":"publish","type":"page","link":"https:\/\/mauritz.fi\/en\/ruoka-2-2\/","title":{"rendered":"Ruoka"},"content":{"rendered":"<div data-elementor-type=\"wp-page\" data-elementor-id=\"822\" class=\"elementor elementor-822\" data-elementor-post-type=\"page\">\n\t\t\t\t\t\t<section class=\"elementor-section elementor-top-section elementor-element elementor-element-5c5721a7 elementor-section-full_width elementor-section-height-min-height elementor-section-items-stretch elementor-section-height-default\" data-id=\"5c5721a7\" data-element_type=\"section\" data-e-type=\"section\">\n\t\t\t\t\t\t<div class=\"elementor-container elementor-column-gap-no\">\n\t\t\t\t\t<div class=\"elementor-column elementor-col-50 elementor-top-column elementor-element elementor-element-15c20ad9 my-vertical-nav elementor-hidden-tablet elementor-hidden-phone\" data-id=\"15c20ad9\" data-element_type=\"column\" data-e-type=\"column\" data-settings=\"{&quot;background_background&quot;:&quot;classic&quot;}\">\n\t\t\t<div class=\"elementor-widget-wrap elementor-element-populated\">\n\t\t\t\t\t\t<div class=\"elementor-element elementor-element-1cffdbdc elementor-widget elementor-widget-image\" data-id=\"1cffdbdc\" data-element_type=\"widget\" data-e-type=\"widget\" data-widget_type=\"image.default\">\n\t\t\t\t<div class=\"elementor-widget-container\">\n\t\t\t\t\t\t\t\t\t\t\t\t\t\t\t\t<a href=\"https:\/\/mauritz.fi\/en\">\n\t\t\t\t\t\t\t<img fetchpriority=\"high\" decoding=\"async\" width=\"640\" height=\"1024\" src=\"https:\/\/mauritz.fi\/wp-content\/uploads\/2021\/08\/Mauritz_Vaakuna-logo_V4-1-2-640x1024.png\" class=\"attachment-large size-large wp-image-487\" alt=\"\" srcset=\"https:\/\/mauritz.fi\/wp-content\/uploads\/2021\/08\/Mauritz_Vaakuna-logo_V4-1-2-640x1024.png 640w, https:\/\/mauritz.fi\/wp-content\/uploads\/2021\/08\/Mauritz_Vaakuna-logo_V4-1-2-188x300.png 188w, https:\/\/mauritz.fi\/wp-content\/uploads\/2021\/08\/Mauritz_Vaakuna-logo_V4-1-2-768x1228.png 768w, https:\/\/mauritz.fi\/wp-content\/uploads\/2021\/08\/Mauritz_Vaakuna-logo_V4-1-2-961x1536.png 961w, https:\/\/mauritz.fi\/wp-content\/uploads\/2021\/08\/Mauritz_Vaakuna-logo_V4-1-2-1281x2048.png 1281w, https:\/\/mauritz.fi\/wp-content\/uploads\/2021\/08\/Mauritz_Vaakuna-logo_V4-1-2.png 1872w\" sizes=\"(max-width: 640px) 100vw, 640px\" \/>\t\t\t\t\t\t\t\t<\/a>\n\t\t\t\t\t\t\t\t\t\t\t\t\t\t\t<\/div>\n\t\t\t\t<\/div>\n\t\t\t\t<div class=\"elementor-element elementor-element-3f460bf3 elementor-widget elementor-widget-ucaddon_animated_hamburger_icon\" data-id=\"3f460bf3\" data-element_type=\"widget\" data-e-type=\"widget\" data-widget_type=\"ucaddon_animated_hamburger_icon.default\">\n\t\t\t\t<div class=\"elementor-widget-container\">\n\t\t\t\t\t\n<!-- start Animated Hamburger Icon -->\n\t\t<link id='uc_ac_assets_file_uc_animated_hamburger_icon_css_11088-css' href='https:\/\/mauritz.fi\/wp-content\/uploads\/ac_assets\/uc_animated_hamburger_icon\/uc_animated_hamburger_icon.css' type='text\/css' rel='stylesheet' >\n\n<style>\/* widget: Animated Hamburger Icon *\/\n\n#uc_animated_hamburger_icon_elementor_3f460bf3.uc_animated_hamburger_icon_holder{ position: relative; z-index: 1000000000000px;}\n#uc_animated_hamburger_icon_elementor_3f460bf3 .uc_hamburger{ display: inline-block;  }\n#uc_animated_hamburger_icon_elementor_3f460bf3 .uc_animated_hamburger_icon {\n  \ttext-align: center;\n}\n\n<\/style>\n\n<div class=\"uc_animated_hamburger_icon_holder\" id=\"uc_animated_hamburger_icon_elementor_3f460bf3\" style=\"text-align: center;\">\n  \n  <a id=\"hamburger_close_trigger\" class='uc-icon-close-trigger' href=\"javascript:void(0)\" style='display:none'>Close Trigger<\/a>\n  \n  <a href=\"#elementor-action%3Aaction%3Dpopup%3Aopen%26settings%3DeyJpZCI6IjUzNyIsInRvZ2dsZSI6ZmFsc2V9\"  class=\"uc_animated_hamburger_icon\">\n\n     <div class=\"uc_hamburger\" id=\"hamburger-6\">\n      <span class=\"uc_line\"><\/span>\n      <span class=\"uc_line\"><\/span>\n      <span class=\"uc_line\"><\/span>\n    <\/div>\n\n  <\/a>\n<\/div>\n<!-- end Animated Hamburger Icon -->\t\t\t\t<\/div>\n\t\t\t\t<\/div>\n\t\t\t\t<div class=\"elementor-element elementor-element-67758f92 elementor-grid-1 elementor-shape-rounded e-grid-align-center elementor-widget elementor-widget-social-icons\" data-id=\"67758f92\" data-element_type=\"widget\" data-e-type=\"widget\" data-widget_type=\"social-icons.default\">\n\t\t\t\t<div class=\"elementor-widget-container\">\n\t\t\t\t\t\t\t<div class=\"elementor-social-icons-wrapper elementor-grid\" role=\"list\">\n\t\t\t\t\t\t\t<span class=\"elementor-grid-item\" role=\"listitem\">\n\t\t\t\t\t<a class=\"elementor-icon elementor-social-icon elementor-social-icon-facebook elementor-repeater-item-f74862a\" target=\"_blank\">\n\t\t\t\t\t\t<span class=\"elementor-screen-only\">Facebook<\/span>\n\t\t\t\t\t\t<i aria-hidden=\"true\" class=\"fab fa-facebook\"><\/i>\t\t\t\t\t<\/a>\n\t\t\t\t<\/span>\n\t\t\t\t\t\t\t<span class=\"elementor-grid-item\" role=\"listitem\">\n\t\t\t\t\t<a class=\"elementor-icon elementor-social-icon elementor-social-icon-instagram elementor-repeater-item-23ba699\" target=\"_blank\">\n\t\t\t\t\t\t<span class=\"elementor-screen-only\">Instagram<\/span>\n\t\t\t\t\t\t<i aria-hidden=\"true\" class=\"fab fa-instagram\"><\/i>\t\t\t\t\t<\/a>\n\t\t\t\t<\/span>\n\t\t\t\t\t<\/div>\n\t\t\t\t\t\t<\/div>\n\t\t\t\t<\/div>\n\t\t\t\t\t<\/div>\n\t\t<\/div>\n\t\t\t\t<div class=\"elementor-column elementor-col-50 elementor-top-column elementor-element elementor-element-286b7c5b my-vertical-content\" data-id=\"286b7c5b\" data-element_type=\"column\" data-e-type=\"column\" data-settings=\"{&quot;background_background&quot;:&quot;classic&quot;}\">\n\t\t\t<div class=\"elementor-widget-wrap elementor-element-populated\">\n\t\t\t\t\t<div class=\"elementor-background-overlay\"><\/div>\n\t\t\t\t\t\t<div class=\"elementor-element elementor-element-1d67bc3 elementor-widget-divider--view-line elementor-widget elementor-widget-divider\" data-id=\"1d67bc3\" data-element_type=\"widget\" data-e-type=\"widget\" data-widget_type=\"divider.default\">\n\t\t\t\t<div class=\"elementor-widget-container\">\n\t\t\t\t\t\t\t<div class=\"elementor-divider\">\n\t\t\t<span class=\"elementor-divider-separator\">\n\t\t\t\t\t\t<\/span>\n\t\t<\/div>\n\t\t\t\t\t\t<\/div>\n\t\t\t\t<\/div>\n\t\t\t\t\t<\/div>\n\t\t<\/div>\n\t\t\t\t\t<\/div>\n\t\t<\/section>\n\t\t\t\t<section class=\"elementor-section elementor-top-section elementor-element elementor-element-73b806e4 elementor-section-boxed elementor-section-height-default elementor-section-height-default\" data-id=\"73b806e4\" data-element_type=\"section\" data-e-type=\"section\" data-settings=\"{&quot;background_background&quot;:&quot;classic&quot;}\">\n\t\t\t\t\t\t<div class=\"elementor-container elementor-column-gap-no\">\n\t\t\t\t\t<div class=\"elementor-column elementor-col-100 elementor-top-column elementor-element elementor-element-b5cd4d5\" data-id=\"b5cd4d5\" data-element_type=\"column\" data-e-type=\"column\">\n\t\t\t<div class=\"elementor-widget-wrap elementor-element-populated\">\n\t\t\t\t\t\t<div class=\"elementor-element elementor-element-91e7938 elementor-widget elementor-widget-heading\" data-id=\"91e7938\" data-element_type=\"widget\" data-e-type=\"widget\" data-settings=\"{&quot;_animation&quot;:&quot;none&quot;}\" data-widget_type=\"heading.default\">\n\t\t\t\t<div class=\"elementor-widget-container\">\n\t\t\t\t\t<h1 class=\"elementor-heading-title elementor-size-default\">\u00c0 la Carte ...<\/h1>\t\t\t\t<\/div>\n\t\t\t\t<\/div>\n\t\t\t\t<div class=\"elementor-element elementor-element-dd1010f elementor-widget-divider--view-line elementor-widget elementor-widget-divider\" data-id=\"dd1010f\" data-element_type=\"widget\" data-e-type=\"widget\" data-widget_type=\"divider.default\">\n\t\t\t\t<div class=\"elementor-widget-container\">\n\t\t\t\t\t\t\t<div class=\"elementor-divider\">\n\t\t\t<span class=\"elementor-divider-separator\">\n\t\t\t\t\t\t<\/span>\n\t\t<\/div>\n\t\t\t\t\t\t<\/div>\n\t\t\t\t<\/div>\n\t\t\t\t\t<\/div>\n\t\t<\/div>\n\t\t\t\t\t<\/div>\n\t\t<\/section>\n\t\t\t\t<section class=\"elementor-section elementor-top-section elementor-element elementor-element-c480723 elementor-section-boxed elementor-section-height-default elementor-section-height-default\" data-id=\"c480723\" data-element_type=\"section\" data-e-type=\"section\" data-settings=\"{&quot;background_background&quot;:&quot;classic&quot;}\">\n\t\t\t\t\t\t<div class=\"elementor-container elementor-column-gap-no\">\n\t\t\t\t\t<div class=\"elementor-column elementor-col-100 elementor-top-column elementor-element elementor-element-6245fc69\" data-id=\"6245fc69\" data-element_type=\"column\" data-e-type=\"column\" data-settings=\"{&quot;animation&quot;:&quot;none&quot;}\">\n\t\t\t<div class=\"elementor-widget-wrap elementor-element-populated\">\n\t\t\t\t\t\t<div class=\"elementor-element elementor-element-4f8a50b3 elementor-widget__width-initial elementor-widget elementor-widget-heading\" data-id=\"4f8a50b3\" data-element_type=\"widget\" data-e-type=\"widget\" data-widget_type=\"heading.default\">\n\t\t\t\t<div class=\"elementor-widget-container\">\n\t\t\t\t\t<h3 class=\"elementor-heading-title elementor-size-default\"><b><span style=\"color: var( --e-global-color-secondary );background-color: var( --e-global-color-text )\"> lounas viikko 18 <\/span><br><\/b><u>Arkisin 11:00-15:00 (<b>Ti-TO<\/b>)<\/u><\/h3>\t\t\t\t<\/div>\n\t\t\t\t<\/div>\n\t\t\t\t<section class=\"elementor-section elementor-inner-section elementor-element elementor-element-400b5c6 elementor-section-boxed elementor-section-height-default elementor-section-height-default\" data-id=\"400b5c6\" data-element_type=\"section\" data-e-type=\"section\">\n\t\t\t\t\t\t<div class=\"elementor-container elementor-column-gap-no\">\n\t\t\t\t\t<div class=\"elementor-column elementor-col-50 elementor-inner-column elementor-element elementor-element-f7a4aa5\" data-id=\"f7a4aa5\" data-element_type=\"column\" data-e-type=\"column\">\n\t\t\t<div class=\"elementor-widget-wrap elementor-element-populated\">\n\t\t\t\t\t\t<div class=\"elementor-element elementor-element-bd925e1 elementor-widget__width-initial elementor-widget-mobile__width-initial elementor-widget elementor-widget-heading\" data-id=\"bd925e1\" data-element_type=\"widget\" data-e-type=\"widget\" data-widget_type=\"heading.default\">\n\t\t\t\t<div class=\"elementor-widget-container\">\n\t\t\t\t\t<h5 class=\"elementor-heading-title elementor-size-default\"><b>LES  ENTR\u00c9ES :<\/b><br><br>-<b> <\/b>mets\u00e4sienikeitto ja mascarpone   <b>. lG<\/b><br><div><br><span style=\"color: var( --e-global-color-secondary );background-color: var( --e-global-color-text )\">-<b> <\/b>brie-salaatti &amp; viiniryp\u00e4le <\/span><span style=\"color: var( --e-global-color-secondary );background-color: var( --e-global-color-text )\"> <b>.LG<\/b><\/span><\/div><div><br><b>LES PLATS :<\/b><\/div><br><p><span style=\"color: var( --e-global-color-secondary );font-style: inherit\">- paistetu nieri\u00e4, fenkoli-kermakastike,<\/span><\/p><p><span style=\"letter-spacing: -0.9px\">puikulamuusi &amp;<\/span><span style=\"font-style: inherit;font-weight: inherit;letter-spacing: -0.9px\"> paahdettuja kev\u00e4tkasviksia   <\/span><b style=\"font-style: inherit;letter-spacing: -0.9px\">Lg<\/b><\/p><p><span style=\"font-style: inherit;color: var( --e-global-color-secondary );letter-spacing: -0.4px;background-color: var( --e-global-color-text )\">- lehtipihvi naudan ulkofileest\u00e4<\/span><span style=\"font-style: inherit;font-weight: inherit;color: var( --e-global-color-secondary );letter-spacing: -0.9px;background-color: var( --e-global-color-text )\">,<\/span><span style=\"font-style: inherit;font-weight: inherit;color: var( --e-global-color-secondary );letter-spacing: -0.9px;background-color: var( --e-global-color-text )\"> maustevoi, <\/span><\/p><p><span style=\"font-style: inherit;font-weight: inherit;color: var( --e-global-color-secondary );letter-spacing: -0.9px;background-color: var( --e-global-color-text )\">kev\u00e4tkasviksia  ja  ranskalaiset perunat   <\/span><span style=\"font-style: inherit;font-weight: inherit;color: var( --e-global-color-secondary );letter-spacing: -0.9px;background-color: var( --e-global-color-text )\"><b>.Lg<\/b><\/span><\/p>- primavera-risotto &amp; pecorino   <b>.vlg<\/b><br><br><p><span style=\"font-style: inherit;color: var( --e-global-color-secondary );background-color: var( --e-global-color-text )\"><b>LE DESSERT :<\/b><\/span><\/p><p><span style=\"font-style: inherit;font-weight: inherit;color: var( --e-global-color-secondary );letter-spacing: -0.9px;background-color: var( --e-global-color-text )\"><span style=\"font-weight: inherit\">-  raparperi tarte tatin &amp; vaniljakastike <\/span><\/span><span style=\"font-style: inherit;font-weight: inherit;color: var( --e-global-color-secondary );letter-spacing: -0.4px;background-color: var( --e-global-color-text )\"><span style=\"font-weight: inherit\">  <\/span><b>.l <\/b><\/span><\/p><b>1<\/b> <b>p\u00e4\u00e4ruoka<\/b>    .20 \u20ac<br><b>2<\/b> <b>ruokalajia<\/b> .29 \u20ac<br><b>3<\/b> <b>ruokalajia<\/b> .34 \u20ac<br><br><br><br><br><br><br><br><b><u>ClICK the PICTURE BELOW TO SEE FULL \"\u00c0 LA CARTE\" <\/u><\/b><\/h5>\t\t\t\t<\/div>\n\t\t\t\t<\/div>\n\t\t\t\t<div class=\"elementor-element elementor-element-68bc9b2 elementor-widget elementor-widget-text-editor\" data-id=\"68bc9b2\" data-element_type=\"widget\" data-e-type=\"widget\" data-widget_type=\"text-editor.default\">\n\t\t\t\t<div class=\"elementor-widget-container\">\n\t\t\t\t\t\t\t\t\t<p><span style=\"vertical-align: inherit;\"><span style=\"vertical-align: inherit;\"><span style=\"vertical-align: inherit;\"><span style=\"vertical-align: inherit;\">Lorem ipsum dolor sit amet, consectetur adipiscing elit. <\/span><\/span><\/span><span style=\"vertical-align: inherit;\"><span style=\"vertical-align: inherit;\"><span style=\"vertical-align: inherit;\">Ut Elit tellus, luctus nec ullamcorper mattis, pulvinar dapibus leo.<\/span><\/span><\/span><\/span><\/p>\t\t\t\t\t\t\t\t<\/div>\n\t\t\t\t<\/div>\n\t\t\t\t<div class=\"elementor-element elementor-element-674af45 elementor-absolute elementor-hidden-tablet elementor-hidden-phone elementor-widget-divider--view-line elementor-widget elementor-widget-divider\" data-id=\"674af45\" data-element_type=\"widget\" data-e-type=\"widget\" data-settings=\"{&quot;_position&quot;:&quot;absolute&quot;}\" data-widget_type=\"divider.default\">\n\t\t\t\t<div class=\"elementor-widget-container\">\n\t\t\t\t\t\t\t<div class=\"elementor-divider\">\n\t\t\t<span class=\"elementor-divider-separator\">\n\t\t\t\t\t\t<\/span>\n\t\t<\/div>\n\t\t\t\t\t\t<\/div>\n\t\t\t\t<\/div>\n\t\t\t\t\t<\/div>\n\t\t<\/div>\n\t\t\t\t<div class=\"elementor-column elementor-col-50 elementor-inner-column elementor-element elementor-element-9906475\" data-id=\"9906475\" data-element_type=\"column\" data-e-type=\"column\">\n\t\t\t<div class=\"elementor-widget-wrap elementor-element-populated\">\n\t\t\t\t\t\t\t<\/div>\n\t\t<\/div>\n\t\t\t\t\t<\/div>\n\t\t<\/section>\n\t\t\t\t\t<\/div>\n\t\t<\/div>\n\t\t\t\t\t<\/div>\n\t\t<\/section>\n\t\t\t\t<section class=\"elementor-section elementor-top-section elementor-element elementor-element-5692996 elementor-section-boxed elementor-section-height-default elementor-section-height-default\" data-id=\"5692996\" data-element_type=\"section\" data-e-type=\"section\" data-settings=\"{&quot;background_background&quot;:&quot;classic&quot;}\">\n\t\t\t\t\t\t<div class=\"elementor-container elementor-column-gap-no\">\n\t\t\t\t\t<div class=\"elementor-column elementor-col-100 elementor-top-column elementor-element elementor-element-c8a64c8\" data-id=\"c8a64c8\" data-element_type=\"column\" data-e-type=\"column\" data-settings=\"{&quot;animation&quot;:&quot;none&quot;}\">\n\t\t\t<div class=\"elementor-widget-wrap elementor-element-populated\">\n\t\t\t\t\t\t<div class=\"elementor-element elementor-element-25bc14d elementor-widget elementor-widget-image\" data-id=\"25bc14d\" data-element_type=\"widget\" data-e-type=\"widget\" data-widget_type=\"image.default\">\n\t\t\t\t<div class=\"elementor-widget-container\">\n\t\t\t\t\t\t\t\t\t\t\t\t\t\t\t\t<a href=\"https:\/\/quandoo-assets-partner.s3-eu-west-1.amazonaws.com\/partner\/uploads\/eb6614bb-f2c0-470c-af82-15700925fd0b\/MD-document-0594d8c3-f765-44bb-b498-f6ca556b2c10.pdf\" target=\"_blank\" rel=\"noopener\">\n\t\t\t\t\t\t\t<img decoding=\"async\" width=\"150\" height=\"150\" src=\"https:\/\/mauritz.fi\/wp-content\/uploads\/2022\/03\/PHOTO-2022-03-17-16-50-03-2-1-150x150.jpg\" class=\"attachment-thumbnail size-thumbnail wp-image-1585\" alt=\"\" srcset=\"https:\/\/mauritz.fi\/wp-content\/uploads\/2022\/03\/PHOTO-2022-03-17-16-50-03-2-1-150x150.jpg 150w, https:\/\/mauritz.fi\/wp-content\/uploads\/2022\/03\/PHOTO-2022-03-17-16-50-03-2-1-700x700.jpg 700w\" sizes=\"(max-width: 150px) 100vw, 150px\" \/>\t\t\t\t\t\t\t\t<\/a>\n\t\t\t\t\t\t\t\t\t\t\t\t\t\t\t<\/div>\n\t\t\t\t<\/div>\n\t\t\t\t\t<\/div>\n\t\t<\/div>\n\t\t\t\t\t<\/div>\n\t\t<\/section>\n\t\t\t\t<\/div>","protected":false},"excerpt":{"rendered":"<p>skip render: ucaddon_animated_hamburger_icon Facebook Instagram \u00c0 la Carte &#8230; lounas viikko 18 Arkisin 11:00-15:00 (Ti-TO) LES ENTR\u00c9ES : &#8211; mets\u00e4sienikeitto ja mascarpone . lG &#8211; brie-salaatti &amp; viiniryp\u00e4le .LGLES PLATS : &#8211; paistetu nieri\u00e4, fenkoli-kermakastike, puikulamuusi &amp; paahdettuja kev\u00e4tkasviksia Lg &#8211; lehtipihvi naudan ulkofileest\u00e4, maustevoi, kev\u00e4tkasviksia ja ranskalaiset perunat .Lg &#8211; primavera-risotto &amp; pecorino .vlg [&hellip;]<\/p>\n","protected":false},"author":1,"featured_media":0,"parent":0,"menu_order":0,"comment_status":"closed","ping_status":"closed","template":"","meta":{"site-sidebar-layout":"no-sidebar","site-content-layout":"page-builder","ast-site-content-layout":"full-width-container","site-content-style":"unboxed","site-sidebar-style":"unboxed","ast-global-header-display":"","ast-banner-title-visibility":"","ast-main-header-display":"disabled","ast-hfb-above-header-display":"","ast-hfb-below-header-display":"","ast-hfb-mobile-header-display":"disabled","site-post-title":"disabled","ast-breadcrumbs-content":"disabled","ast-featured-img":"disabled","footer-sml-layout":"disabled","ast-disable-related-posts":"","theme-transparent-header-meta":"default","adv-header-id-meta":"","stick-header-meta":"","header-above-stick-meta":"","header-main-stick-meta":"","header-below-stick-meta":"","astra-migrate-meta-layouts":"set","ast-page-background-enabled":"default","ast-page-background-meta":{"desktop":{"background-color":"var(--ast-global-color-4)","background-image":"","background-repeat":"repeat","background-position":"center center","background-size":"auto","background-attachment":"scroll","background-type":"","background-media":"","overlay-type":"","overlay-color":"","overlay-opacity":"","overlay-gradient":""},"tablet":{"background-color":"","background-image":"","background-repeat":"repeat","background-position":"center center","background-size":"auto","background-attachment":"scroll","background-type":"","background-media":"","overlay-type":"","overlay-color":"","overlay-opacity":"","overlay-gradient":""},"mobile":{"background-color":"","background-image":"","background-repeat":"repeat","background-position":"center center","background-size":"auto","background-attachment":"scroll","background-type":"","background-media":"","overlay-type":"","overlay-color":"","overlay-opacity":"","overlay-gradient":""}},"ast-content-background-meta":{"desktop":{"background-color":"var(--ast-global-color-5)","background-image":"","background-repeat":"repeat","background-position":"center center","background-size":"auto","background-attachment":"scroll","background-type":"","background-media":"","overlay-type":"","overlay-color":"","overlay-opacity":"","overlay-gradient":""},"tablet":{"background-color":"var(--ast-global-color-5)","background-image":"","background-repeat":"repeat","background-position":"center center","background-size":"auto","background-attachment":"scroll","background-type":"","background-media":"","overlay-type":"","overlay-color":"","overlay-opacity":"","overlay-gradient":""},"mobile":{"background-color":"var(--ast-global-color-5)","background-image":"","background-repeat":"repeat","background-position":"center center","background-size":"auto","background-attachment":"scroll","background-type":"","background-media":"","overlay-type":"","overlay-color":"","overlay-opacity":"","overlay-gradient":""}},"footnotes":""},"class_list":["post-822","page","type-page","status-publish","hentry"],"_links":{"self":[{"href":"https:\/\/mauritz.fi\/en\/wp-json\/wp\/v2\/pages\/822","targetHints":{"allow":["GET"]}}],"collection":[{"href":"https:\/\/mauritz.fi\/en\/wp-json\/wp\/v2\/pages"}],"about":[{"href":"https:\/\/mauritz.fi\/en\/wp-json\/wp\/v2\/types\/page"}],"author":[{"embeddable":true,"href":"https:\/\/mauritz.fi\/en\/wp-json\/wp\/v2\/users\/1"}],"replies":[{"embeddable":true,"href":"https:\/\/mauritz.fi\/en\/wp-json\/wp\/v2\/comments?post=822"}],"version-history":[{"count":21,"href":"https:\/\/mauritz.fi\/en\/wp-json\/wp\/v2\/pages\/822\/revisions"}],"predecessor-version":[{"id":3657,"href":"https:\/\/mauritz.fi\/en\/wp-json\/wp\/v2\/pages\/822\/revisions\/3657"}],"wp:attachment":[{"href":"https:\/\/mauritz.fi\/en\/wp-json\/wp\/v2\/media?parent=822"}],"curies":[{"name":"wp","href":"https:\/\/api.w.org\/{rel}","templated":true}]}}